{"id":356,"date":"2023-05-23T11:04:05","date_gmt":"2023-05-23T09:04:05","guid":{"rendered":"https:\/\/www.hfi.hu\/om-oss\/"},"modified":"2023-05-31T14:44:03","modified_gmt":"2023-05-31T12:44:03","slug":"om-oss","status":"publish","type":"page","link":"https:\/\/www.hfi.hu\/sv\/om-oss\/","title":{"rendered":"Om oss"},"content":{"rendered":"\t\t<div data-elementor-type=\"wp-page\" data-elementor-id=\"356\" class=\"elementor elementor-356 elementor-13\" data-elementor-post-type=\"page\">\n\t\t\t\t<div class=\"elementor-element elementor-element-5fa75fe e-flex e-con-boxed e-con e-parent\" data-id=\"5fa75fe\" data-element_type=\"container\" data-e-type=\"container\">\n\t\t\t\t\t<div class=\"e-con-inner\">\n\t\t<div class=\"elementor-element elementor-element-afaae1e e-flex e-con-boxed e-con e-child\" data-id=\"afaae1e\" data-element_type=\"container\" data-e-type=\"container\" data-settings=\"{&quot;background_background&quot;:&quot;classic&quot;}\">\n\t\t\t\t\t<div class=\"e-con-inner\">\n\t\t<div class=\"elementor-element elementor-element-b4d6268 e-con-full e-flex e-con e-child\" data-id=\"b4d6268\" data-element_type=\"container\" data-e-type=\"container\">\n\t\t<div class=\"elementor-element elementor-element-85f5e13 e-flex e-con-boxed e-con e-child\" data-id=\"85f5e13\" data-element_type=\"container\" data-e-type=\"container\">\n\t\t\t\t\t<div class=\"e-con-inner\">\n\t\t\t\t<div class=\"elementor-element elementor-element-9247a94 elementor-widget elementor-widget-heading\" data-id=\"9247a94\" data-element_type=\"widget\" data-e-type=\"widget\" data-widget_type=\"heading.default\">\n\t\t\t\t<div class=\"elementor-widget-container\">\n\t\t\t\t\t<h1 class=\"elementor-heading-title elementor-size-default\">OM OSS<\/h1>\t\t\t\t<\/div>\n\t\t\t\t<\/div>\n\t\t\t\t<div class=\"elementor-element elementor-element-4a894ab elementor-widget elementor-widget-text-editor\" data-id=\"4a894ab\" data-element_type=\"widget\" data-e-type=\"widget\" data-widget_type=\"text-editor.default\">\n\t\t\t\t<div class=\"elementor-widget-container\">\n\t\t\t\t\t\t\t\t\t<div>\n<div>\n<div>\n<p>Som en av Ungerns ledande producenter s\u00e4ljer HFI Ltd. \u00f6ver 3.000 ton torkade \u00f6rtkryddor, gr\u00f6nsaker och frukt varje \u00e5r.<\/p>\n<\/div>\n<\/div>\n<\/div>\n\t\t\t\t\t\t\t\t<\/div>\n\t\t\t\t<\/div>\n\t\t\t\t\t<\/div>\n\t\t\t\t<\/div>\n\t\t\t\t<div class=\"elementor-element elementor-element-23d8fbf elementor-widget elementor-widget-text-editor\" data-id=\"23d8fbf\" data-element_type=\"widget\" data-e-type=\"widget\" data-widget_type=\"text-editor.default\">\n\t\t\t\t<div class=\"elementor-widget-container\">\n\t\t\t\t\t\t\t\t\t<div class=\"fusion-reading-box-container reading-box-container-1 PageTitleBox\">\n<div class=\"reading-box\">\n<div class=\"reading-box-additional\">\n<p>F\u00f6retaget grundades 2001 och har 3 anl\u00e4ggningar med paprika- och gr\u00f6nsakskvarnar, \u00e5ngsterilisator och \u00f6ver 900 kvm torkyta, d\u00e4r s\u00e4kerheten och kontrollen av produkterna \u00e4r i fokus i varje led. Med v\u00e5ra kvalitetss\u00e4kringsrutiner kan vi garantera att v\u00e5ra produkter uppfyller \u00e4ven de h\u00f6gsta kraven. V\u00e5r snabbt v\u00e4xande kundkrets omfattar m\u00e5nga av v\u00e4rldens st\u00f6rsta mat- och kosttillskottstillverkare.<\/p>\n<\/p>\n<p>Vi s\u00e4tter stort v\u00e4rde p\u00e5 ekologisk livsmedelsproduktion och st\u00f6djer lokala jordbrukare och f\u00f6retagare i att fr\u00e4mja milj\u00f6m\u00e4ssigt ansvarsfulla f\u00f6r\u00e4ndringar. Alla v\u00e5ra ekologiska produkter testas i ett ackrediterad tyskt laboratorium.<\/p>\n<\/div>\n<\/div>\n<\/div>\n\t\t\t\t\t\t\t\t<\/div>\n\t\t\t\t<\/div>\n\t\t\t\t<\/div>\n\t\t<div class=\"elementor-element elementor-element-0c779cc e-con-full e-flex e-con e-child\" data-id=\"0c779cc\" data-element_type=\"container\" data-e-type=\"container\">\n\t\t\t\t<\/div>\n\t\t\t\t\t<\/div>\n\t\t\t\t<\/div>\n\t\t\t\t\t<\/div>\n\t\t\t\t<\/div>\n\t\t\t\t<\/div>\n\t\t","protected":false},"excerpt":{"rendered":"<p>OM OSS Som en av Ungerns ledande producenter s\u00e4ljer HFI Ltd. \u00f6ver 3.000 ton torkade \u00f6rtkryddor, gr\u00f6nsaker och frukt varje \u00e5r. F\u00f6retaget grundades 2001 och har 3 anl\u00e4ggningar med paprika- och gr\u00f6nsakskvarnar, \u00e5ngsterilisator och \u00f6ver 900 kvm torkyta, d\u00e4r s\u00e4kerheten och kontrollen av produkterna \u00e4r i fokus i varje led. Med v\u00e5ra kvalitetss\u00e4kringsrutiner kan vi [&hellip;]<\/p>\n","protected":false},"author":1,"featured_media":0,"parent":0,"menu_order":0,"comment_status":"closed","ping_status":"closed","template":"","meta":{"_acf_changed":false,"footnotes":""},"class_list":["post-356","page","type-page","status-publish","hentry"],"acf":[],"_links":{"self":[{"href":"https:\/\/www.hfi.hu\/sv\/wp-json\/wp\/v2\/pages\/356","targetHints":{"allow":["GET"]}}],"collection":[{"href":"https:\/\/www.hfi.hu\/sv\/wp-json\/wp\/v2\/pages"}],"about":[{"href":"https:\/\/www.hfi.hu\/sv\/wp-json\/wp\/v2\/types\/page"}],"author":[{"embeddable":true,"href":"https:\/\/www.hfi.hu\/sv\/wp-json\/wp\/v2\/users\/1"}],"replies":[{"embeddable":true,"href":"https:\/\/www.hfi.hu\/sv\/wp-json\/wp\/v2\/comments?post=356"}],"version-history":[{"count":1,"href":"https:\/\/www.hfi.hu\/sv\/wp-json\/wp\/v2\/pages\/356\/revisions"}],"predecessor-version":[{"id":357,"href":"https:\/\/www.hfi.hu\/sv\/wp-json\/wp\/v2\/pages\/356\/revisions\/357"}],"wp:attachment":[{"href":"https:\/\/www.hfi.hu\/sv\/wp-json\/wp\/v2\/media?parent=356"}],"curies":[{"name":"wp","href":"https:\/\/api.w.org\/{rel}","templated":true}]}}